{"id":3903,"date":"2016-10-26T13:30:03","date_gmt":"2016-10-26T13:30:03","guid":{"rendered":"http:\/\/s523213579.online.de\/sprachkurse-methode\/"},"modified":"2017-06-26T00:09:09","modified_gmt":"2017-06-26T00:09:09","slug":"sprachkurse-methode","status":"publish","type":"page","link":"https:\/\/www.language-kurse.de\/pt-pt\/sprachkurse-methode\/","title":{"rendered":"Cursos de l\u00ednguas &amp; M\u00e9todo"},"content":{"rendered":"<ul>\n<li style=\"text-align: center\"><strong>R\u00e1pido, eficaz &amp; moderno \u00a0&#8211; \u00a0Superar facilmente os primeiros obst\u00e1culos \u00a0&#8211; \u00a0Foco: conversa\u00e7\u00e3o oral!<\/strong><\/li>\n<li style=\"text-align: center\"><strong>Come\u00e7ar facilmente com os verbos mais importantes &amp; pronomes interrogativos \u00a0&#8211; \u00a0M\u00e9todo l\u00f3gico &amp; estruturado!<\/strong><\/li>\n<li style=\"text-align: center\"><strong>Ver programas de l\u00ednguas (extratos)!<\/strong><\/li>\n<\/ul>\n","protected":false},"excerpt":{"rendered":"<p>R\u00e1pido, eficaz &amp; moderno \u00a0&#8211; \u00a0Superar facilmente os primeiros obst\u00e1culos \u00a0&#8211; \u00a0Foco: conversa\u00e7\u00e3o oral! Come\u00e7ar facilmente com os verbos mais importantes &amp; pronomes interrogativos \u00a0&#8211; \u00a0M\u00e9todo l\u00f3gico &amp; estruturado! Ver programas de l\u00ednguas (extratos)!<\/p>\n","protected":false},"author":1,"featured_media":0,"parent":0,"menu_order":26,"comment_status":"closed","ping_status":"closed","template":"page-sprachkurse.php","meta":{"_acf_changed":false,"footnotes":""},"class_list":["post-3903","page","type-page","status-publish","hentry"],"acf":[],"yoast_head":"<!-- This site is optimized with the Yoast SEO plugin v26.5 - https:\/\/yoast.com\/wordpress\/plugins\/seo\/ -->\n<title>Cursos de l\u00ednguas &amp; M\u00e9todo | Language kurse<\/title>\n<meta name=\"robots\" content=\"noindex, follow\" \/>\n<script type=\"application\/ld+json\" class=\"yoast-schema-graph\">{\"@context\":\"https:\/\/schema.org\",\"@graph\":[{\"@type\":\"WebPage\",\"@id\":\"https:\/\/www.language-kurse.de\/pt-pt\/sprachkurse-methode\/\",\"url\":\"https:\/\/www.language-kurse.de\/pt-pt\/sprachkurse-methode\/\",\"name\":\"Cursos de l\u00ednguas &amp; M\u00e9todo | Language kurse\",\"isPartOf\":{\"@id\":\"https:\/\/www.language-kurse.de\/pt-pt\/#website\"},\"datePublished\":\"2016-10-26T13:30:03+00:00\",\"dateModified\":\"2017-06-26T00:09:09+00:00\",\"breadcrumb\":{\"@id\":\"https:\/\/www.language-kurse.de\/pt-pt\/sprachkurse-methode\/#breadcrumb\"},\"inLanguage\":\"pt-PT\",\"potentialAction\":[{\"@type\":\"ReadAction\",\"target\":[\"https:\/\/www.language-kurse.de\/pt-pt\/sprachkurse-methode\/\"]}]},{\"@type\":\"BreadcrumbList\",\"@id\":\"https:\/\/www.language-kurse.de\/pt-pt\/sprachkurse-methode\/#breadcrumb\",\"itemListElement\":[{\"@type\":\"ListItem\",\"position\":1,\"name\":\"Home\",\"item\":\"https:\/\/www.language-kurse.de\/pt-pt\/\"},{\"@type\":\"ListItem\",\"position\":2,\"name\":\"Cursos de l\u00ednguas &amp; M\u00e9todo\"}]},{\"@type\":\"WebSite\",\"@id\":\"https:\/\/www.language-kurse.de\/pt-pt\/#website\",\"url\":\"https:\/\/www.language-kurse.de\/pt-pt\/\",\"name\":\"Language kurse\",\"description\":\"\",\"potentialAction\":[{\"@type\":\"SearchAction\",\"target\":{\"@type\":\"EntryPoint\",\"urlTemplate\":\"https:\/\/www.language-kurse.de\/pt-pt\/?s={search_term_string}\"},\"query-input\":{\"@type\":\"PropertyValueSpecification\",\"valueRequired\":true,\"valueName\":\"search_term_string\"}}],\"inLanguage\":\"pt-PT\"}]}<\/script>\n<!-- \/ Yoast SEO plugin. -->","yoast_head_json":{"title":"Cursos de l\u00ednguas &amp; M\u00e9todo | Language kurse","robots":{"index":"noindex","follow":"follow"},"schema":{"@context":"https:\/\/schema.org","@graph":[{"@type":"WebPage","@id":"https:\/\/www.language-kurse.de\/pt-pt\/sprachkurse-methode\/","url":"https:\/\/www.language-kurse.de\/pt-pt\/sprachkurse-methode\/","name":"Cursos de l\u00ednguas &amp; M\u00e9todo | Language kurse","isPartOf":{"@id":"https:\/\/www.language-kurse.de\/pt-pt\/#website"},"datePublished":"2016-10-26T13:30:03+00:00","dateModified":"2017-06-26T00:09:09+00:00","breadcrumb":{"@id":"https:\/\/www.language-kurse.de\/pt-pt\/sprachkurse-methode\/#breadcrumb"},"inLanguage":"pt-PT","potentialAction":[{"@type":"ReadAction","target":["https:\/\/www.language-kurse.de\/pt-pt\/sprachkurse-methode\/"]}]},{"@type":"BreadcrumbList","@id":"https:\/\/www.language-kurse.de\/pt-pt\/sprachkurse-methode\/#breadcrumb","itemListElement":[{"@type":"ListItem","position":1,"name":"Home","item":"https:\/\/www.language-kurse.de\/pt-pt\/"},{"@type":"ListItem","position":2,"name":"Cursos de l\u00ednguas &amp; M\u00e9todo"}]},{"@type":"WebSite","@id":"https:\/\/www.language-kurse.de\/pt-pt\/#website","url":"https:\/\/www.language-kurse.de\/pt-pt\/","name":"Language kurse","description":"","potentialAction":[{"@type":"SearchAction","target":{"@type":"EntryPoint","urlTemplate":"https:\/\/www.language-kurse.de\/pt-pt\/?s={search_term_string}"},"query-input":{"@type":"PropertyValueSpecification","valueRequired":true,"valueName":"search_term_string"}}],"inLanguage":"pt-PT"}]}},"_links":{"self":[{"href":"https:\/\/www.language-kurse.de\/pt-pt\/wp-json\/wp\/v2\/pages\/3903","targetHints":{"allow":["GET"]}}],"collection":[{"href":"https:\/\/www.language-kurse.de\/pt-pt\/wp-json\/wp\/v2\/pages"}],"about":[{"href":"https:\/\/www.language-kurse.de\/pt-pt\/wp-json\/wp\/v2\/types\/page"}],"author":[{"embeddable":true,"href":"https:\/\/www.language-kurse.de\/pt-pt\/wp-json\/wp\/v2\/users\/1"}],"replies":[{"embeddable":true,"href":"https:\/\/www.language-kurse.de\/pt-pt\/wp-json\/wp\/v2\/comments?post=3903"}],"version-history":[{"count":22,"href":"https:\/\/www.language-kurse.de\/pt-pt\/wp-json\/wp\/v2\/pages\/3903\/revisions"}],"predecessor-version":[{"id":5012,"href":"https:\/\/www.language-kurse.de\/pt-pt\/wp-json\/wp\/v2\/pages\/3903\/revisions\/5012"}],"wp:attachment":[{"href":"https:\/\/www.language-kurse.de\/pt-pt\/wp-json\/wp\/v2\/media?parent=3903"}],"curies":[{"name":"wp","href":"https:\/\/api.w.org\/{rel}","templated":true}]}}