{"id":4086,"date":"2017-06-05T01:40:06","date_gmt":"2017-06-05T01:40:06","guid":{"rendered":"http:\/\/s523213579.online.de\/tourischtische-infos\/photos\/irland\/"},"modified":"2019-04-08T23:41:08","modified_gmt":"2019-04-08T23:41:08","slug":"irland","status":"publish","type":"page","link":"https:\/\/www.language-kurse.de\/pt-pt\/tourischtische-infos\/photos\/irland\/","title":{"rendered":"Irlanda"},"content":{"rendered":"","protected":false},"excerpt":{"rendered":"","protected":false},"author":1,"featured_media":9355,"parent":3905,"menu_order":79,"comment_status":"closed","ping_status":"closed","template":"page_album.php","meta":{"_acf_changed":false,"footnotes":""},"class_list":["post-4086","page","type-page","status-publish","has-post-thumbnail","hentry"],"acf":[],"yoast_head":"<!-- This site is optimized with the Yoast SEO plugin v26.5 - https:\/\/yoast.com\/wordpress\/plugins\/seo\/ -->\n<title>Irlanda | Language kurse<\/title>\n<meta name=\"robots\" content=\"noindex, follow\" \/>\n<script type=\"application\/ld+json\" class=\"yoast-schema-graph\">{\"@context\":\"https:\/\/schema.org\",\"@graph\":[{\"@type\":\"WebPage\",\"@id\":\"https:\/\/www.language-kurse.de\/pt-pt\/tourischtische-infos\/photos\/irland\/\",\"url\":\"https:\/\/www.language-kurse.de\/pt-pt\/tourischtische-infos\/photos\/irland\/\",\"name\":\"Irlanda | Language kurse\",\"isPartOf\":{\"@id\":\"https:\/\/www.language-kurse.de\/pt-pt\/#website\"},\"primaryImageOfPage\":{\"@id\":\"https:\/\/www.language-kurse.de\/pt-pt\/tourischtische-infos\/photos\/irland\/#primaryimage\"},\"image\":{\"@id\":\"https:\/\/www.language-kurse.de\/pt-pt\/tourischtische-infos\/photos\/irland\/#primaryimage\"},\"thumbnailUrl\":\"https:\/\/www.language-kurse.de\/wp-content\/uploads\/5-best-moher-CIMG5760corr-3.jpg\",\"datePublished\":\"2017-06-05T01:40:06+00:00\",\"dateModified\":\"2019-04-08T23:41:08+00:00\",\"breadcrumb\":{\"@id\":\"https:\/\/www.language-kurse.de\/pt-pt\/tourischtische-infos\/photos\/irland\/#breadcrumb\"},\"inLanguage\":\"pt-PT\",\"potentialAction\":[{\"@type\":\"ReadAction\",\"target\":[\"https:\/\/www.language-kurse.de\/pt-pt\/tourischtische-infos\/photos\/irland\/\"]}]},{\"@type\":\"ImageObject\",\"inLanguage\":\"pt-PT\",\"@id\":\"https:\/\/www.language-kurse.de\/pt-pt\/tourischtische-infos\/photos\/irland\/#primaryimage\",\"url\":\"https:\/\/www.language-kurse.de\/wp-content\/uploads\/5-best-moher-CIMG5760corr-3.jpg\",\"contentUrl\":\"https:\/\/www.language-kurse.de\/wp-content\/uploads\/5-best-moher-CIMG5760corr-3.jpg\",\"width\":3072,\"height\":2048},{\"@type\":\"BreadcrumbList\",\"@id\":\"https:\/\/www.language-kurse.de\/pt-pt\/tourischtische-infos\/photos\/irland\/#breadcrumb\",\"itemListElement\":[{\"@type\":\"ListItem\",\"position\":1,\"name\":\"Home\",\"item\":\"https:\/\/www.language-kurse.de\/pt-pt\/\"},{\"@type\":\"ListItem\",\"position\":2,\"name\":\"Informa\u00e7\u00f5es tur\u00edsticas\",\"item\":\"https:\/\/www.language-kurse.de\/pt-pt\/tourischtische-infos\/\"},{\"@type\":\"ListItem\",\"position\":3,\"name\":\"Fotos\",\"item\":\"https:\/\/www.language-kurse.de\/pt-pt\/tourischtische-infos\/photos\/\"},{\"@type\":\"ListItem\",\"position\":4,\"name\":\"Irlanda\"}]},{\"@type\":\"WebSite\",\"@id\":\"https:\/\/www.language-kurse.de\/pt-pt\/#website\",\"url\":\"https:\/\/www.language-kurse.de\/pt-pt\/\",\"name\":\"Language kurse\",\"description\":\"\",\"potentialAction\":[{\"@type\":\"SearchAction\",\"target\":{\"@type\":\"EntryPoint\",\"urlTemplate\":\"https:\/\/www.language-kurse.de\/pt-pt\/?s={search_term_string}\"},\"query-input\":{\"@type\":\"PropertyValueSpecification\",\"valueRequired\":true,\"valueName\":\"search_term_string\"}}],\"inLanguage\":\"pt-PT\"}]}<\/script>\n<!-- \/ Yoast SEO plugin. -->","yoast_head_json":{"title":"Irlanda | Language kurse","robots":{"index":"noindex","follow":"follow"},"schema":{"@context":"https:\/\/schema.org","@graph":[{"@type":"WebPage","@id":"https:\/\/www.language-kurse.de\/pt-pt\/tourischtische-infos\/photos\/irland\/","url":"https:\/\/www.language-kurse.de\/pt-pt\/tourischtische-infos\/photos\/irland\/","name":"Irlanda | Language kurse","isPartOf":{"@id":"https:\/\/www.language-kurse.de\/pt-pt\/#website"},"primaryImageOfPage":{"@id":"https:\/\/www.language-kurse.de\/pt-pt\/tourischtische-infos\/photos\/irland\/#primaryimage"},"image":{"@id":"https:\/\/www.language-kurse.de\/pt-pt\/tourischtische-infos\/photos\/irland\/#primaryimage"},"thumbnailUrl":"https:\/\/www.language-kurse.de\/wp-content\/uploads\/5-best-moher-CIMG5760corr-3.jpg","datePublished":"2017-06-05T01:40:06+00:00","dateModified":"2019-04-08T23:41:08+00:00","breadcrumb":{"@id":"https:\/\/www.language-kurse.de\/pt-pt\/tourischtische-infos\/photos\/irland\/#breadcrumb"},"inLanguage":"pt-PT","potentialAction":[{"@type":"ReadAction","target":["https:\/\/www.language-kurse.de\/pt-pt\/tourischtische-infos\/photos\/irland\/"]}]},{"@type":"ImageObject","inLanguage":"pt-PT","@id":"https:\/\/www.language-kurse.de\/pt-pt\/tourischtische-infos\/photos\/irland\/#primaryimage","url":"https:\/\/www.language-kurse.de\/wp-content\/uploads\/5-best-moher-CIMG5760corr-3.jpg","contentUrl":"https:\/\/www.language-kurse.de\/wp-content\/uploads\/5-best-moher-CIMG5760corr-3.jpg","width":3072,"height":2048},{"@type":"BreadcrumbList","@id":"https:\/\/www.language-kurse.de\/pt-pt\/tourischtische-infos\/photos\/irland\/#breadcrumb","itemListElement":[{"@type":"ListItem","position":1,"name":"Home","item":"https:\/\/www.language-kurse.de\/pt-pt\/"},{"@type":"ListItem","position":2,"name":"Informa\u00e7\u00f5es tur\u00edsticas","item":"https:\/\/www.language-kurse.de\/pt-pt\/tourischtische-infos\/"},{"@type":"ListItem","position":3,"name":"Fotos","item":"https:\/\/www.language-kurse.de\/pt-pt\/tourischtische-infos\/photos\/"},{"@type":"ListItem","position":4,"name":"Irlanda"}]},{"@type":"WebSite","@id":"https:\/\/www.language-kurse.de\/pt-pt\/#website","url":"https:\/\/www.language-kurse.de\/pt-pt\/","name":"Language kurse","description":"","potentialAction":[{"@type":"SearchAction","target":{"@type":"EntryPoint","urlTemplate":"https:\/\/www.language-kurse.de\/pt-pt\/?s={search_term_string}"},"query-input":{"@type":"PropertyValueSpecification","valueRequired":true,"valueName":"search_term_string"}}],"inLanguage":"pt-PT"}]}},"_links":{"self":[{"href":"https:\/\/www.language-kurse.de\/pt-pt\/wp-json\/wp\/v2\/pages\/4086","targetHints":{"allow":["GET"]}}],"collection":[{"href":"https:\/\/www.language-kurse.de\/pt-pt\/wp-json\/wp\/v2\/pages"}],"about":[{"href":"https:\/\/www.language-kurse.de\/pt-pt\/wp-json\/wp\/v2\/types\/page"}],"author":[{"embeddable":true,"href":"https:\/\/www.language-kurse.de\/pt-pt\/wp-json\/wp\/v2\/users\/1"}],"replies":[{"embeddable":true,"href":"https:\/\/www.language-kurse.de\/pt-pt\/wp-json\/wp\/v2\/comments?post=4086"}],"version-history":[{"count":5,"href":"https:\/\/www.language-kurse.de\/pt-pt\/wp-json\/wp\/v2\/pages\/4086\/revisions"}],"predecessor-version":[{"id":10609,"href":"https:\/\/www.language-kurse.de\/pt-pt\/wp-json\/wp\/v2\/pages\/4086\/revisions\/10609"}],"up":[{"embeddable":true,"href":"https:\/\/www.language-kurse.de\/pt-pt\/wp-json\/wp\/v2\/pages\/3905"}],"wp:featuredmedia":[{"embeddable":true,"href":"https:\/\/www.language-kurse.de\/pt-pt\/wp-json\/wp\/v2\/media\/9355"}],"wp:attachment":[{"href":"https:\/\/www.language-kurse.de\/pt-pt\/wp-json\/wp\/v2\/media?parent=4086"}],"curies":[{"name":"wp","href":"https:\/\/api.w.org\/{rel}","templated":true}]}}