{"id":4292,"date":"2017-06-20T22:07:13","date_gmt":"2017-06-20T22:07:13","guid":{"rendered":"http:\/\/s523213579.online.de\/tourischtische-infos\/photos\/chile\/"},"modified":"2019-02-25T09:01:29","modified_gmt":"2019-02-25T09:01:29","slug":"chile","status":"publish","type":"page","link":"https:\/\/www.language-kurse.de\/pt-pt\/tourischtische-infos\/photos\/chile\/","title":{"rendered":"Chile"},"content":{"rendered":"","protected":false},"excerpt":{"rendered":"","protected":false},"author":3,"featured_media":9153,"parent":3905,"menu_order":182,"comment_status":"closed","ping_status":"closed","template":"page_album.php","meta":{"_acf_changed":false,"footnotes":""},"class_list":["post-4292","page","type-page","status-publish","has-post-thumbnail","hentry"],"acf":[],"yoast_head":"<!-- This site is optimized with the Yoast SEO plugin v26.5 - https:\/\/yoast.com\/wordpress\/plugins\/seo\/ -->\n<title>Chile | Language kurse<\/title>\n<meta name=\"robots\" content=\"noindex, follow\" \/>\n<script type=\"application\/ld+json\" class=\"yoast-schema-graph\">{\"@context\":\"https:\/\/schema.org\",\"@graph\":[{\"@type\":\"WebPage\",\"@id\":\"https:\/\/www.language-kurse.de\/pt-pt\/tourischtische-infos\/photos\/chile\/\",\"url\":\"https:\/\/www.language-kurse.de\/pt-pt\/tourischtische-infos\/photos\/chile\/\",\"name\":\"Chile | Language kurse\",\"isPartOf\":{\"@id\":\"https:\/\/www.language-kurse.de\/pt-pt\/#website\"},\"primaryImageOfPage\":{\"@id\":\"https:\/\/www.language-kurse.de\/pt-pt\/tourischtische-infos\/photos\/chile\/#primaryimage\"},\"image\":{\"@id\":\"https:\/\/www.language-kurse.de\/pt-pt\/tourischtische-infos\/photos\/chile\/#primaryimage\"},\"thumbnailUrl\":\"https:\/\/www.language-kurse.de\/wp-content\/uploads\/62-duke-35.jpg\",\"datePublished\":\"2017-06-20T22:07:13+00:00\",\"dateModified\":\"2019-02-25T09:01:29+00:00\",\"breadcrumb\":{\"@id\":\"https:\/\/www.language-kurse.de\/pt-pt\/tourischtische-infos\/photos\/chile\/#breadcrumb\"},\"inLanguage\":\"pt-PT\",\"potentialAction\":[{\"@type\":\"ReadAction\",\"target\":[\"https:\/\/www.language-kurse.de\/pt-pt\/tourischtische-infos\/photos\/chile\/\"]}]},{\"@type\":\"ImageObject\",\"inLanguage\":\"pt-PT\",\"@id\":\"https:\/\/www.language-kurse.de\/pt-pt\/tourischtische-infos\/photos\/chile\/#primaryimage\",\"url\":\"https:\/\/www.language-kurse.de\/wp-content\/uploads\/62-duke-35.jpg\",\"contentUrl\":\"https:\/\/www.language-kurse.de\/wp-content\/uploads\/62-duke-35.jpg\",\"width\":1920,\"height\":1080},{\"@type\":\"BreadcrumbList\",\"@id\":\"https:\/\/www.language-kurse.de\/pt-pt\/tourischtische-infos\/photos\/chile\/#breadcrumb\",\"itemListElement\":[{\"@type\":\"ListItem\",\"position\":1,\"name\":\"Home\",\"item\":\"https:\/\/www.language-kurse.de\/pt-pt\/\"},{\"@type\":\"ListItem\",\"position\":2,\"name\":\"Informa\u00e7\u00f5es tur\u00edsticas\",\"item\":\"https:\/\/www.language-kurse.de\/pt-pt\/tourischtische-infos\/\"},{\"@type\":\"ListItem\",\"position\":3,\"name\":\"Fotos\",\"item\":\"https:\/\/www.language-kurse.de\/pt-pt\/tourischtische-infos\/photos\/\"},{\"@type\":\"ListItem\",\"position\":4,\"name\":\"Chile\"}]},{\"@type\":\"WebSite\",\"@id\":\"https:\/\/www.language-kurse.de\/pt-pt\/#website\",\"url\":\"https:\/\/www.language-kurse.de\/pt-pt\/\",\"name\":\"Language kurse\",\"description\":\"\",\"potentialAction\":[{\"@type\":\"SearchAction\",\"target\":{\"@type\":\"EntryPoint\",\"urlTemplate\":\"https:\/\/www.language-kurse.de\/pt-pt\/?s={search_term_string}\"},\"query-input\":{\"@type\":\"PropertyValueSpecification\",\"valueRequired\":true,\"valueName\":\"search_term_string\"}}],\"inLanguage\":\"pt-PT\"}]}<\/script>\n<!-- \/ Yoast SEO plugin. -->","yoast_head_json":{"title":"Chile | Language kurse","robots":{"index":"noindex","follow":"follow"},"schema":{"@context":"https:\/\/schema.org","@graph":[{"@type":"WebPage","@id":"https:\/\/www.language-kurse.de\/pt-pt\/tourischtische-infos\/photos\/chile\/","url":"https:\/\/www.language-kurse.de\/pt-pt\/tourischtische-infos\/photos\/chile\/","name":"Chile | Language kurse","isPartOf":{"@id":"https:\/\/www.language-kurse.de\/pt-pt\/#website"},"primaryImageOfPage":{"@id":"https:\/\/www.language-kurse.de\/pt-pt\/tourischtische-infos\/photos\/chile\/#primaryimage"},"image":{"@id":"https:\/\/www.language-kurse.de\/pt-pt\/tourischtische-infos\/photos\/chile\/#primaryimage"},"thumbnailUrl":"https:\/\/www.language-kurse.de\/wp-content\/uploads\/62-duke-35.jpg","datePublished":"2017-06-20T22:07:13+00:00","dateModified":"2019-02-25T09:01:29+00:00","breadcrumb":{"@id":"https:\/\/www.language-kurse.de\/pt-pt\/tourischtische-infos\/photos\/chile\/#breadcrumb"},"inLanguage":"pt-PT","potentialAction":[{"@type":"ReadAction","target":["https:\/\/www.language-kurse.de\/pt-pt\/tourischtische-infos\/photos\/chile\/"]}]},{"@type":"ImageObject","inLanguage":"pt-PT","@id":"https:\/\/www.language-kurse.de\/pt-pt\/tourischtische-infos\/photos\/chile\/#primaryimage","url":"https:\/\/www.language-kurse.de\/wp-content\/uploads\/62-duke-35.jpg","contentUrl":"https:\/\/www.language-kurse.de\/wp-content\/uploads\/62-duke-35.jpg","width":1920,"height":1080},{"@type":"BreadcrumbList","@id":"https:\/\/www.language-kurse.de\/pt-pt\/tourischtische-infos\/photos\/chile\/#breadcrumb","itemListElement":[{"@type":"ListItem","position":1,"name":"Home","item":"https:\/\/www.language-kurse.de\/pt-pt\/"},{"@type":"ListItem","position":2,"name":"Informa\u00e7\u00f5es tur\u00edsticas","item":"https:\/\/www.language-kurse.de\/pt-pt\/tourischtische-infos\/"},{"@type":"ListItem","position":3,"name":"Fotos","item":"https:\/\/www.language-kurse.de\/pt-pt\/tourischtische-infos\/photos\/"},{"@type":"ListItem","position":4,"name":"Chile"}]},{"@type":"WebSite","@id":"https:\/\/www.language-kurse.de\/pt-pt\/#website","url":"https:\/\/www.language-kurse.de\/pt-pt\/","name":"Language kurse","description":"","potentialAction":[{"@type":"SearchAction","target":{"@type":"EntryPoint","urlTemplate":"https:\/\/www.language-kurse.de\/pt-pt\/?s={search_term_string}"},"query-input":{"@type":"PropertyValueSpecification","valueRequired":true,"valueName":"search_term_string"}}],"inLanguage":"pt-PT"}]}},"_links":{"self":[{"href":"https:\/\/www.language-kurse.de\/pt-pt\/wp-json\/wp\/v2\/pages\/4292","targetHints":{"allow":["GET"]}}],"collection":[{"href":"https:\/\/www.language-kurse.de\/pt-pt\/wp-json\/wp\/v2\/pages"}],"about":[{"href":"https:\/\/www.language-kurse.de\/pt-pt\/wp-json\/wp\/v2\/types\/page"}],"author":[{"embeddable":true,"href":"https:\/\/www.language-kurse.de\/pt-pt\/wp-json\/wp\/v2\/users\/3"}],"replies":[{"embeddable":true,"href":"https:\/\/www.language-kurse.de\/pt-pt\/wp-json\/wp\/v2\/comments?post=4292"}],"version-history":[{"count":1,"href":"https:\/\/www.language-kurse.de\/pt-pt\/wp-json\/wp\/v2\/pages\/4292\/revisions"}],"predecessor-version":[{"id":4305,"href":"https:\/\/www.language-kurse.de\/pt-pt\/wp-json\/wp\/v2\/pages\/4292\/revisions\/4305"}],"up":[{"embeddable":true,"href":"https:\/\/www.language-kurse.de\/pt-pt\/wp-json\/wp\/v2\/pages\/3905"}],"wp:featuredmedia":[{"embeddable":true,"href":"https:\/\/www.language-kurse.de\/pt-pt\/wp-json\/wp\/v2\/media\/9153"}],"wp:attachment":[{"href":"https:\/\/www.language-kurse.de\/pt-pt\/wp-json\/wp\/v2\/media?parent=4292"}],"curies":[{"name":"wp","href":"https:\/\/api.w.org\/{rel}","templated":true}]}}