{"id":7599,"date":"2018-07-16T14:51:27","date_gmt":"2018-07-16T14:51:27","guid":{"rendered":"http:\/\/www.ilt-lingua.com\/?page_id=7599"},"modified":"2019-04-08T18:27:14","modified_gmt":"2019-04-08T18:27:14","slug":"africa","status":"publish","type":"page","link":"https:\/\/www.language-kurse.de\/pt-pt\/tourischtische-infos\/photos\/africa\/","title":{"rendered":"\u00c1frica"},"content":{"rendered":"","protected":false},"excerpt":{"rendered":"","protected":false},"author":1,"featured_media":7400,"parent":3905,"menu_order":8,"comment_status":"closed","ping_status":"closed","template":"page_album.php","meta":{"_acf_changed":false,"footnotes":""},"class_list":["post-7599","page","type-page","status-publish","has-post-thumbnail","hentry"],"acf":[],"yoast_head":"<!-- This site is optimized with the Yoast SEO plugin v26.5 - https:\/\/yoast.com\/wordpress\/plugins\/seo\/ -->\n<title>\u00c1frica | Language kurse<\/title>\n<meta name=\"robots\" content=\"noindex, follow\" \/>\n<script type=\"application\/ld+json\" class=\"yoast-schema-graph\">{\"@context\":\"https:\/\/schema.org\",\"@graph\":[{\"@type\":\"WebPage\",\"@id\":\"https:\/\/www.language-kurse.de\/pt-pt\/tourischtische-infos\/photos\/africa\/\",\"url\":\"https:\/\/www.language-kurse.de\/pt-pt\/tourischtische-infos\/photos\/africa\/\",\"name\":\"\u00c1frica | Language kurse\",\"isPartOf\":{\"@id\":\"https:\/\/www.language-kurse.de\/pt-pt\/#website\"},\"primaryImageOfPage\":{\"@id\":\"https:\/\/www.language-kurse.de\/pt-pt\/tourischtische-infos\/photos\/africa\/#primaryimage\"},\"image\":{\"@id\":\"https:\/\/www.language-kurse.de\/pt-pt\/tourischtische-infos\/photos\/africa\/#primaryimage\"},\"thumbnailUrl\":\"https:\/\/www.language-kurse.de\/wp-content\/uploads\/best-S9840001.JPG-cor.jpg\",\"datePublished\":\"2018-07-16T14:51:27+00:00\",\"dateModified\":\"2019-04-08T18:27:14+00:00\",\"breadcrumb\":{\"@id\":\"https:\/\/www.language-kurse.de\/pt-pt\/tourischtische-infos\/photos\/africa\/#breadcrumb\"},\"inLanguage\":\"pt-PT\",\"potentialAction\":[{\"@type\":\"ReadAction\",\"target\":[\"https:\/\/www.language-kurse.de\/pt-pt\/tourischtische-infos\/photos\/africa\/\"]}]},{\"@type\":\"ImageObject\",\"inLanguage\":\"pt-PT\",\"@id\":\"https:\/\/www.language-kurse.de\/pt-pt\/tourischtische-infos\/photos\/africa\/#primaryimage\",\"url\":\"https:\/\/www.language-kurse.de\/wp-content\/uploads\/best-S9840001.JPG-cor.jpg\",\"contentUrl\":\"https:\/\/www.language-kurse.de\/wp-content\/uploads\/best-S9840001.JPG-cor.jpg\",\"width\":1920,\"height\":1080},{\"@type\":\"BreadcrumbList\",\"@id\":\"https:\/\/www.language-kurse.de\/pt-pt\/tourischtische-infos\/photos\/africa\/#breadcrumb\",\"itemListElement\":[{\"@type\":\"ListItem\",\"position\":1,\"name\":\"Home\",\"item\":\"https:\/\/www.language-kurse.de\/pt-pt\/\"},{\"@type\":\"ListItem\",\"position\":2,\"name\":\"Informa\u00e7\u00f5es tur\u00edsticas\",\"item\":\"https:\/\/www.language-kurse.de\/pt-pt\/tourischtische-infos\/\"},{\"@type\":\"ListItem\",\"position\":3,\"name\":\"Fotos\",\"item\":\"https:\/\/www.language-kurse.de\/pt-pt\/tourischtische-infos\/photos\/\"},{\"@type\":\"ListItem\",\"position\":4,\"name\":\"\u00c1frica\"}]},{\"@type\":\"WebSite\",\"@id\":\"https:\/\/www.language-kurse.de\/pt-pt\/#website\",\"url\":\"https:\/\/www.language-kurse.de\/pt-pt\/\",\"name\":\"Language kurse\",\"description\":\"\",\"potentialAction\":[{\"@type\":\"SearchAction\",\"target\":{\"@type\":\"EntryPoint\",\"urlTemplate\":\"https:\/\/www.language-kurse.de\/pt-pt\/?s={search_term_string}\"},\"query-input\":{\"@type\":\"PropertyValueSpecification\",\"valueRequired\":true,\"valueName\":\"search_term_string\"}}],\"inLanguage\":\"pt-PT\"}]}<\/script>\n<!-- \/ Yoast SEO plugin. -->","yoast_head_json":{"title":"\u00c1frica | Language kurse","robots":{"index":"noindex","follow":"follow"},"schema":{"@context":"https:\/\/schema.org","@graph":[{"@type":"WebPage","@id":"https:\/\/www.language-kurse.de\/pt-pt\/tourischtische-infos\/photos\/africa\/","url":"https:\/\/www.language-kurse.de\/pt-pt\/tourischtische-infos\/photos\/africa\/","name":"\u00c1frica | Language kurse","isPartOf":{"@id":"https:\/\/www.language-kurse.de\/pt-pt\/#website"},"primaryImageOfPage":{"@id":"https:\/\/www.language-kurse.de\/pt-pt\/tourischtische-infos\/photos\/africa\/#primaryimage"},"image":{"@id":"https:\/\/www.language-kurse.de\/pt-pt\/tourischtische-infos\/photos\/africa\/#primaryimage"},"thumbnailUrl":"https:\/\/www.language-kurse.de\/wp-content\/uploads\/best-S9840001.JPG-cor.jpg","datePublished":"2018-07-16T14:51:27+00:00","dateModified":"2019-04-08T18:27:14+00:00","breadcrumb":{"@id":"https:\/\/www.language-kurse.de\/pt-pt\/tourischtische-infos\/photos\/africa\/#breadcrumb"},"inLanguage":"pt-PT","potentialAction":[{"@type":"ReadAction","target":["https:\/\/www.language-kurse.de\/pt-pt\/tourischtische-infos\/photos\/africa\/"]}]},{"@type":"ImageObject","inLanguage":"pt-PT","@id":"https:\/\/www.language-kurse.de\/pt-pt\/tourischtische-infos\/photos\/africa\/#primaryimage","url":"https:\/\/www.language-kurse.de\/wp-content\/uploads\/best-S9840001.JPG-cor.jpg","contentUrl":"https:\/\/www.language-kurse.de\/wp-content\/uploads\/best-S9840001.JPG-cor.jpg","width":1920,"height":1080},{"@type":"BreadcrumbList","@id":"https:\/\/www.language-kurse.de\/pt-pt\/tourischtische-infos\/photos\/africa\/#breadcrumb","itemListElement":[{"@type":"ListItem","position":1,"name":"Home","item":"https:\/\/www.language-kurse.de\/pt-pt\/"},{"@type":"ListItem","position":2,"name":"Informa\u00e7\u00f5es tur\u00edsticas","item":"https:\/\/www.language-kurse.de\/pt-pt\/tourischtische-infos\/"},{"@type":"ListItem","position":3,"name":"Fotos","item":"https:\/\/www.language-kurse.de\/pt-pt\/tourischtische-infos\/photos\/"},{"@type":"ListItem","position":4,"name":"\u00c1frica"}]},{"@type":"WebSite","@id":"https:\/\/www.language-kurse.de\/pt-pt\/#website","url":"https:\/\/www.language-kurse.de\/pt-pt\/","name":"Language kurse","description":"","potentialAction":[{"@type":"SearchAction","target":{"@type":"EntryPoint","urlTemplate":"https:\/\/www.language-kurse.de\/pt-pt\/?s={search_term_string}"},"query-input":{"@type":"PropertyValueSpecification","valueRequired":true,"valueName":"search_term_string"}}],"inLanguage":"pt-PT"}]}},"_links":{"self":[{"href":"https:\/\/www.language-kurse.de\/pt-pt\/wp-json\/wp\/v2\/pages\/7599","targetHints":{"allow":["GET"]}}],"collection":[{"href":"https:\/\/www.language-kurse.de\/pt-pt\/wp-json\/wp\/v2\/pages"}],"about":[{"href":"https:\/\/www.language-kurse.de\/pt-pt\/wp-json\/wp\/v2\/types\/page"}],"author":[{"embeddable":true,"href":"https:\/\/www.language-kurse.de\/pt-pt\/wp-json\/wp\/v2\/users\/1"}],"replies":[{"embeddable":true,"href":"https:\/\/www.language-kurse.de\/pt-pt\/wp-json\/wp\/v2\/comments?post=7599"}],"version-history":[{"count":4,"href":"https:\/\/www.language-kurse.de\/pt-pt\/wp-json\/wp\/v2\/pages\/7599\/revisions"}],"predecessor-version":[{"id":9733,"href":"https:\/\/www.language-kurse.de\/pt-pt\/wp-json\/wp\/v2\/pages\/7599\/revisions\/9733"}],"up":[{"embeddable":true,"href":"https:\/\/www.language-kurse.de\/pt-pt\/wp-json\/wp\/v2\/pages\/3905"}],"wp:featuredmedia":[{"embeddable":true,"href":"https:\/\/www.language-kurse.de\/pt-pt\/wp-json\/wp\/v2\/media\/7400"}],"wp:attachment":[{"href":"https:\/\/www.language-kurse.de\/pt-pt\/wp-json\/wp\/v2\/media?parent=7599"}],"curies":[{"name":"wp","href":"https:\/\/api.w.org\/{rel}","templated":true}]}}